{"id":1392,"date":"2025-03-14T12:39:38","date_gmt":"2025-03-14T11:39:38","guid":{"rendered":"https:\/\/strandvillan.com\/kontakt-och-hitta-hit\/"},"modified":"2025-10-28T22:16:06","modified_gmt":"2025-10-28T21:16:06","slug":"kontakt-och-hitta-hit","status":"publish","type":"page","link":"https:\/\/strandvillan.com\/en\/kontakt-och-hitta-hit\/","title":{"rendered":"How to Find Us"},"content":{"rendered":"\n<div class=\"wp-block-cover alignfull is-light\"><span aria-hidden=\"true\" class=\"wp-block-cover__background has-sand-ljus-background-color has-background-dim-100 has-background-dim\"><\/span><div class=\"wp-block-cover__inner-container is-layout-constrained wp-block-cover-is-layout-constrained\">\n<div class=\"wp-block-columns are-vertically-aligned-top is-layout-flex wp-container-core-columns-is-layout-28f84493 wp-block-columns-is-layout-flex\">\n<div class=\"wp-block-column is-vertically-aligned-top aligncenter is-style-Centrera is-layout-flow wp-block-column-is-layout-flow\" style=\"flex-basis:900px\">\n<h1 class=\"wp-block-heading has-text-align-center has-primary-color-color has-text-color has-link-color has-large-font-size wp-elements-f5a3b89ca8c98d8f303b44e8f478916c\">How to Find Us<\/h1>\n\n\n\n<p><strong>Contact:<\/strong><br>Email:&nbsp;<a>info@strandvillan.com<\/a><br>Phone:&nbsp;+46 (0)40 45 88 11<\/p>\n\n\n\n<p><strong>Address:<\/strong><br>Strandvillan Ljunghusen<br>V\u00e4stra Kanalv\u00e4gen 20<br>236 41 H\u00f6llviken<\/p>\n\n\n\n<p>Click <strong>HERE<\/strong> for the best directions to us.<\/p>\n\n\n\n<p>No matter your mode of transport, Strandvillan Ljunghusen is easy to find, located right by the sea.<\/p>\n\n\n\n<p class=\"has-text-align-center\">If driving on the motorway from Malm\u00f6, follow the signs for Skan\u00f6r\/Falsterbo. After passing H\u00f6llviken, cross the bridge over the Falsterbo Canal to Ljunghusen. Then take the first left immediately after the bridge (V\u00e4stra Kanalv\u00e4gen) and follow the canal towards the pier. At the end of the road, you\u2019ll find Strandvillan Ljunghusen.<\/p>\n<\/div>\n<\/div>\n<\/div><\/div>\n","protected":false},"excerpt":{"rendered":"","protected":false},"author":2,"featured_media":1393,"parent":0,"menu_order":0,"comment_status":"closed","ping_status":"closed","template":"","meta":{"_acf_changed":false,"inline_featured_image":false,"footnotes":""},"class_list":["post-1392","page","type-page","status-publish","has-post-thumbnail","hentry"],"acf":[],"yoast_head":"<!-- This site is optimized with the Yoast SEO plugin v27.4 - https:\/\/yoast.com\/product\/yoast-seo-wordpress\/ -->\n<title>How to Find Us - Strandvillan<\/title>\n<meta name=\"robots\" content=\"index, follow, max-snippet:-1, max-image-preview:large, max-video-preview:-1\" \/>\n<link rel=\"canonical\" href=\"https:\/\/strandvillan.com\/en\/kontakt-och-hitta-hit\/\" \/>\n<meta property=\"og:locale\" content=\"en_US\" \/>\n<meta property=\"og:type\" content=\"article\" \/>\n<meta property=\"og:title\" content=\"How to Find Us - Strandvillan\" \/>\n<meta property=\"og:url\" content=\"https:\/\/strandvillan.com\/en\/kontakt-och-hitta-hit\/\" \/>\n<meta property=\"og:site_name\" content=\"Strandvillan\" \/>\n<meta property=\"article:modified_time\" content=\"2025-10-28T21:16:06+00:00\" \/>\n<meta property=\"og:image\" content=\"https:\/\/strandvillan.com\/app\/uploads\/2025\/05\/490983439_676112478705585_1195092868157433149_n-e1748360686651.jpg\" \/>\n\t<meta property=\"og:image:width\" content=\"1710\" \/>\n\t<meta property=\"og:image:height\" content=\"1365\" \/>\n\t<meta property=\"og:image:type\" content=\"image\/jpeg\" \/>\n<meta name=\"twitter:card\" content=\"summary_large_image\" \/>\n<meta name=\"twitter:label1\" content=\"Est. reading time\" \/>\n\t<meta name=\"twitter:data1\" content=\"1 minute\" \/>\n<script type=\"application\/ld+json\" class=\"yoast-schema-graph\">{\"@context\":\"https:\\\/\\\/schema.org\",\"@graph\":[{\"@type\":\"WebPage\",\"@id\":\"https:\\\/\\\/strandvillan.com\\\/en\\\/kontakt-och-hitta-hit\\\/\",\"url\":\"https:\\\/\\\/strandvillan.com\\\/en\\\/kontakt-och-hitta-hit\\\/\",\"name\":\"How to Find Us - Strandvillan\",\"isPartOf\":{\"@id\":\"https:\\\/\\\/strandvillan.com\\\/#website\"},\"primaryImageOfPage\":{\"@id\":\"https:\\\/\\\/strandvillan.com\\\/en\\\/kontakt-och-hitta-hit\\\/#primaryimage\"},\"image\":{\"@id\":\"https:\\\/\\\/strandvillan.com\\\/en\\\/kontakt-och-hitta-hit\\\/#primaryimage\"},\"thumbnailUrl\":\"https:\\\/\\\/strandvillan.com\\\/app\\\/uploads\\\/2025\\\/05\\\/490983439_676112478705585_1195092868157433149_n-e1748360686651.jpg\",\"datePublished\":\"2025-03-14T11:39:38+00:00\",\"dateModified\":\"2025-10-28T21:16:06+00:00\",\"breadcrumb\":{\"@id\":\"https:\\\/\\\/strandvillan.com\\\/en\\\/kontakt-och-hitta-hit\\\/#breadcrumb\"},\"inLanguage\":\"en-US\",\"potentialAction\":[{\"@type\":\"ReadAction\",\"target\":[\"https:\\\/\\\/strandvillan.com\\\/en\\\/kontakt-och-hitta-hit\\\/\"]}]},{\"@type\":\"ImageObject\",\"inLanguage\":\"en-US\",\"@id\":\"https:\\\/\\\/strandvillan.com\\\/en\\\/kontakt-och-hitta-hit\\\/#primaryimage\",\"url\":\"https:\\\/\\\/strandvillan.com\\\/app\\\/uploads\\\/2025\\\/05\\\/490983439_676112478705585_1195092868157433149_n-e1748360686651.jpg\",\"contentUrl\":\"https:\\\/\\\/strandvillan.com\\\/app\\\/uploads\\\/2025\\\/05\\\/490983439_676112478705585_1195092868157433149_n-e1748360686651.jpg\",\"width\":1710,\"height\":1365},{\"@type\":\"BreadcrumbList\",\"@id\":\"https:\\\/\\\/strandvillan.com\\\/en\\\/kontakt-och-hitta-hit\\\/#breadcrumb\",\"itemListElement\":[{\"@type\":\"ListItem\",\"position\":1,\"name\":\"Hem\",\"item\":\"https:\\\/\\\/strandvillan.com\\\/en\\\/\"},{\"@type\":\"ListItem\",\"position\":2,\"name\":\"How to Find Us\"}]},{\"@type\":\"WebSite\",\"@id\":\"https:\\\/\\\/strandvillan.com\\\/#website\",\"url\":\"https:\\\/\\\/strandvillan.com\\\/\",\"name\":\"Strandvillan\",\"description\":\"Sk\u00e5nes nya p\u00e4rla vid havet!\",\"potentialAction\":[{\"@type\":\"SearchAction\",\"target\":{\"@type\":\"EntryPoint\",\"urlTemplate\":\"https:\\\/\\\/strandvillan.com\\\/?s={search_term_string}\"},\"query-input\":{\"@type\":\"PropertyValueSpecification\",\"valueRequired\":true,\"valueName\":\"search_term_string\"}}],\"inLanguage\":\"en-US\"}]}<\/script>\n<!-- \/ Yoast SEO plugin. -->","yoast_head_json":{"title":"How to Find Us - Strandvillan","robots":{"index":"index","follow":"follow","max-snippet":"max-snippet:-1","max-image-preview":"max-image-preview:large","max-video-preview":"max-video-preview:-1"},"canonical":"https:\/\/strandvillan.com\/en\/kontakt-och-hitta-hit\/","og_locale":"en_US","og_type":"article","og_title":"How to Find Us - Strandvillan","og_url":"https:\/\/strandvillan.com\/en\/kontakt-och-hitta-hit\/","og_site_name":"Strandvillan","article_modified_time":"2025-10-28T21:16:06+00:00","og_image":[{"width":1710,"height":1365,"url":"https:\/\/strandvillan.com\/app\/uploads\/2025\/05\/490983439_676112478705585_1195092868157433149_n-e1748360686651.jpg","type":"image\/jpeg"}],"twitter_card":"summary_large_image","twitter_misc":{"Est. reading time":"1 minute"},"schema":{"@context":"https:\/\/schema.org","@graph":[{"@type":"WebPage","@id":"https:\/\/strandvillan.com\/en\/kontakt-och-hitta-hit\/","url":"https:\/\/strandvillan.com\/en\/kontakt-och-hitta-hit\/","name":"How to Find Us - Strandvillan","isPartOf":{"@id":"https:\/\/strandvillan.com\/#website"},"primaryImageOfPage":{"@id":"https:\/\/strandvillan.com\/en\/kontakt-och-hitta-hit\/#primaryimage"},"image":{"@id":"https:\/\/strandvillan.com\/en\/kontakt-och-hitta-hit\/#primaryimage"},"thumbnailUrl":"https:\/\/strandvillan.com\/app\/uploads\/2025\/05\/490983439_676112478705585_1195092868157433149_n-e1748360686651.jpg","datePublished":"2025-03-14T11:39:38+00:00","dateModified":"2025-10-28T21:16:06+00:00","breadcrumb":{"@id":"https:\/\/strandvillan.com\/en\/kontakt-och-hitta-hit\/#breadcrumb"},"inLanguage":"en-US","potentialAction":[{"@type":"ReadAction","target":["https:\/\/strandvillan.com\/en\/kontakt-och-hitta-hit\/"]}]},{"@type":"ImageObject","inLanguage":"en-US","@id":"https:\/\/strandvillan.com\/en\/kontakt-och-hitta-hit\/#primaryimage","url":"https:\/\/strandvillan.com\/app\/uploads\/2025\/05\/490983439_676112478705585_1195092868157433149_n-e1748360686651.jpg","contentUrl":"https:\/\/strandvillan.com\/app\/uploads\/2025\/05\/490983439_676112478705585_1195092868157433149_n-e1748360686651.jpg","width":1710,"height":1365},{"@type":"BreadcrumbList","@id":"https:\/\/strandvillan.com\/en\/kontakt-och-hitta-hit\/#breadcrumb","itemListElement":[{"@type":"ListItem","position":1,"name":"Hem","item":"https:\/\/strandvillan.com\/en\/"},{"@type":"ListItem","position":2,"name":"How to Find Us"}]},{"@type":"WebSite","@id":"https:\/\/strandvillan.com\/#website","url":"https:\/\/strandvillan.com\/","name":"Strandvillan","description":"Sk\u00e5nes nya p\u00e4rla vid havet!","potentialAction":[{"@type":"SearchAction","target":{"@type":"EntryPoint","urlTemplate":"https:\/\/strandvillan.com\/?s={search_term_string}"},"query-input":{"@type":"PropertyValueSpecification","valueRequired":true,"valueName":"search_term_string"}}],"inLanguage":"en-US"}]}},"_links":{"self":[{"href":"https:\/\/strandvillan.com\/en\/wp-json\/wp\/v2\/pages\/1392","targetHints":{"allow":["GET"]}}],"collection":[{"href":"https:\/\/strandvillan.com\/en\/wp-json\/wp\/v2\/pages"}],"about":[{"href":"https:\/\/strandvillan.com\/en\/wp-json\/wp\/v2\/types\/page"}],"author":[{"embeddable":true,"href":"https:\/\/strandvillan.com\/en\/wp-json\/wp\/v2\/users\/2"}],"replies":[{"embeddable":true,"href":"https:\/\/strandvillan.com\/en\/wp-json\/wp\/v2\/comments?post=1392"}],"version-history":[{"count":0,"href":"https:\/\/strandvillan.com\/en\/wp-json\/wp\/v2\/pages\/1392\/revisions"}],"wp:featuredmedia":[{"embeddable":true,"href":"https:\/\/strandvillan.com\/en\/wp-json\/wp\/v2\/media\/1393"}],"wp:attachment":[{"href":"https:\/\/strandvillan.com\/en\/wp-json\/wp\/v2\/media?parent=1392"}],"curies":[{"name":"wp","href":"https:\/\/api.w.org\/{rel}","templated":true}]}}